{"id":62,"date":"2018-06-17T14:02:15","date_gmt":"2018-06-17T12:02:15","guid":{"rendered":"http:\/\/www.piekarnia-kozlowski.pl\/?page_id=62"},"modified":"2018-07-24T14:35:00","modified_gmt":"2018-07-24T12:35:00","slug":"rodo","status":"publish","type":"page","link":"https:\/\/piekarnia-kozlowski.pl\/index.php\/rodo\/","title":{"rendered":"RODO"},"content":{"rendered":"<div class=\"et_d4_element et_pb_section et_pb_section_0  et_pb_css_mix_blend_mode et_section_regular et_block_section\" >\n\t\t\t\t\n\t\t\t\t\n\t\t\t\t\n\t\t\t\t\n\t\t\t\t\n\t\t\t\t\n\t\t\t\t<div class=\"et_d4_element et_pb_row et_pb_row_0  et_pb_css_mix_blend_mode et_block_row\">\n\t\t\t\t<div class=\"et_d4_element et_pb_column_4_4 et_pb_column et_pb_column_0  et_pb_css_mix_blend_mode et-last-child et_block_column\">\n\t\t\t\t\n\t\t\t\t\n\t\t\t\t\n\t\t\t\t\n\t\t\t\t<div class=\"et_pb_module et_d4_element et_pb_text et_pb_text_0  et_pb_text_align_left et_pb_bg_layout_light\">\n\t\t\t\t\n\t\t\t\t\n\t\t\t\t\n\t\t\t\t\n\t\t\t\t<div class=\"et_pb_text_inner\"><p><span style=\"font-size: large;\"><strong><span style=\"font-family: 'Tahoma','sans-serif'; font-weight: normal;\">Szanowni Pa\u0144stwo,<\/span><\/strong><\/span><\/p>\n<h2><span style=\"font-family: 'Tahoma','sans-serif'; font-size: large;\">W zwi\u0105zku z rozpocz\u0119ciem w dniu 25 maja 2018 obowi\u0105zywania przepis\u00f3w unijnego rozporz\u0105dzenia o ochronie danych osobowych( zwanych tak\u017ce RODO) na niniejszej stronie umieszczono stosowne klauzule informacyjne, adekwatnie do rodzaju relacji Pa\u0144stwa z nasz\u0105 firm\u0105. W celu zapoznania si\u0119 z konkretn\u0105 klauzul\u0119 prosz\u0119 o wy\u015bwietlenie stosownej strony.<br \/>\n<\/span><\/h2><\/div>\n\t\t\t<\/div><div class=\"et_pb_module et_d4_element et_pb_toggle et_pb_toggle_0 et_pb_toggle_item  et_pb_toggle_close\">\n\t\t\t\t\n\t\t\t\t\n\t\t\t\t\n\t\t\t\t\n\t\t\t\t<h5 class=\"et_pb_toggle_title\">Klauzula informacyjna dla pracownik\u00f3w<\/h5>\n\t\t\t\t<div class=\"et_pb_toggle_content clearfix\"><span style=\"color: #800000;\">Zgodnie z art. 13 og\u00f3lnego rozporz\u0105dzenia o ochronie danych osobowych z dnia 27 kwietnia 2016 r. (Dz. Urz. UE L 119 z 04.05.2016) informuj\u0119, i\u017c:<\/span><\/p>\n<ol>\n<li><span style=\"color: #800000;\">administratorem Pani\/Pana danych osobowych jest Piekarnia Marek Koz\u0142owski, 70-783 Szczecin, ul. Kostki Napierskiego 25,<\/span><\/li>\n<li><span style=\"color: #800000;\">kontakt z Inspektorem Ochrony Danych - <a style=\"color: #800000;\" href=\"mailto:iod@piekarnia-kozlowski.pl,\">iod@piekarnia-kozlowski.pl,<\/a><\/span><\/li>\n<li><span style=\"color: #800000;\">celem przetwarzania jest zatrudnianie, pomoc socjalna, zapewnienie komercyjnych \u015bwiadcze\u0144 socjalnych oraz bezpiecze\u0144stwo i organizacja pracy<\/span>\n<ul>\n<li><span style=\"color: #800000;\">na podstawie Art. 6 ust. 1 lit. c og\u00f3lnego rozporz\u0105dzenia o ochronie danych osobowych z dnia 27 kwietnia 2016 r. oraz Kodeksu Pracy z dnia 26 czerwca 1974 r. oraz<\/span><\/li>\n<li><span style=\"color: #800000;\">na podstawie Art. 6 ust. 1 lit. a, jako zgody na publikacj\u0119 wizerunku \/ na przekazanie danych innym podmiotom<\/span><\/li>\n<li><span style=\"color: #800000;\">na podstawie Art. 6 ust. 1 lit. f, jako niezb\u0119dne do cel\u00f3w wynikaj\u0105cych z prawnie uzasadnionych interes\u00f3w realizowanych przez administratora (monitoring wizyjny, monitoring system\u00f3w informatycznych, wewn\u0119trzna identyfikacja wizualna pracownik\u00f3w, stosowanie systemu kontroli dost\u0119pu)<\/span><\/li>\n<\/ul>\n<\/li>\n<li><span style=\"color: #800000;\">odbiorcami Pani\/Pana danych osobowych b\u0119d\u0105<\/span>\n<ul>\n<li><span style=\"color: #800000;\">Medycyna pracy<\/span><\/li>\n<li><span style=\"color: #800000;\">obs\u0142uga kadrowo-p\u0142acowa<\/span><\/li>\n<li><span style=\"color: #800000;\">serwis IT<\/span><\/li>\n<li><span style=\"color: #800000;\">Komercyjna opieka medyczna<\/span><\/li>\n<li><span style=\"color: #800000;\">Pakiet socjalny (np. programy emerytalne, ubezpieczenia grupowe, karty sportowe dla pracownik\u00f3w)<\/span><\/li>\n<li><span style=\"color: #800000;\">Zewn\u0119trzne us\u0142ugi ochrony mienia<\/span><\/li>\n<\/ul>\n<\/li>\n<li><span style=\"color: #800000;\">Pani\/Pana dane osobowe przechowywane b\u0119d\u0105 przez okres 50 lat, na podstawie Kodeksu Pracy a w pozosta\u0142ych przypadkach do ustania przyczyn biznesowych oraz do momentu odwo\u0142ania zgody<\/span><\/li>\n<li><span style=\"color: #800000;\">posiada Pani\/Pan prawo do \u017c\u0105dania od administratora dost\u0119pu do danych osobowych, prawo do ich sprostowania, usuni\u0119cia lub ograniczenia przetwarzania, prawo do wniesienia sprzeciwu wobec przetwarzania, prawo do przenoszenia danych, prawo do cofni\u0119cia zgody w dowolnym momencie<\/span><\/li>\n<li><span style=\"color: #800000;\">ma Pani\/Pan prawo wniesienia skargi do organu nadzorczego<\/span><\/li>\n<li><span style=\"color: #800000;\">podanie danych osobowych jest obligatoryjne w oparciu o przepisy prawa a w pozosta\u0142ym zakresie jest dobrowolne<\/span><\/li>\n<\/ol><\/div>\n\t\t\t<\/div><div class=\"et_pb_module et_d4_element et_pb_toggle et_pb_toggle_1 et_pb_toggle_item  et_pb_toggle_close\">\n\t\t\t\t\n\t\t\t\t\n\t\t\t\t\n\t\t\t\t\n\t\t\t\t<h5 class=\"et_pb_toggle_title\">Klauzula informacyjna kandydat\u00f3w do pracy<\/h5>\n\t\t\t\t<div class=\"et_pb_toggle_content clearfix\"><span style=\"color: #800000;\">Zgodnie z art. 13 og\u00f3lnego rozporz\u0105dzenia o ochronie danych osobowych z dnia 27 kwietnia 2016 r. (Dz. Urz. UE L 119 z 04.05.2016) informuj\u0119, i\u017c:<\/span><\/p>\n<ol>\n<li><span style=\"color: #800000;\">administratorem Pani\/Pana danych osobowych jest Piekarnia Marek Koz\u0142owski, 70-783 Szczecin, ul. Kostki Napierskiego 25,<\/span><\/li>\n<li><span style=\"color: #800000;\">kontakt z Inspektorem Ochrony Danych - <a style=\"color: #800000;\" href=\"mailto:iod@piekarnia-kozlowski.pl,\">iod@piekarnia-kozlowski.pl,<\/a><\/span><\/li>\n<li><span style=\"color: #800000;\">Pani\/Pana dane osobowe b\u0119d\u0105 przetwarzane dla potrzeb aktualnej i przysz\u0142ych rekrutacji - na podstawie Art. 6 ust. 1 lit. a <span style=\"margin: 0px; line-height: 115%; font-family: 'Calibri','sans-serif'; font-size: 10pt;\"><span style=\"color: #000000;\"><span style=\"background-color: transparent; color: #800000; font-family: Georgia,&amp;quot; times new roman&amp;quot;,&amp;quot;bitstream charter&amp;quot;,times,serif; font-size: 16px; font-style: normal; font-variant: normal; font-weight: 400; letter-spacing: normal; orphans: 2; text-align: left; text-decoration: none; text-indent: 0px; text-transform: none; -webkit-text-stroke-width: 0px; white-space: normal; word-spacing: 0px;\">og\u00f3lnego rozporz\u0105dzenia o ochronie danych osobowych z dnia 27 kwietnia 2016 r. (Dz. Urz. UE L 119 z 04.05.2016) <\/span>,<\/span><\/span><\/span><\/li>\n<li><span style=\"color: #800000;\">odbiorcami Pani\/Pana danych osobowych b\u0119d\u0105 wy\u0142\u0105cznie podmioty uprawnione do uzyskania danych osobowych na podstawie przepis\u00f3w prawa oraz podmioty wsp\u00f3\u0142pracuj\u0105ce w procesie rekrutacji<\/span><\/li>\n<li><span style=\"color: #800000;\">Pani\/Pana dane osobowe przechowywane b\u0119d\u0105 przez tej i przysz\u0142ych rekrutacji lub do ustania przyczyn biznesowych lub do momentu odwo\u0142ania zgody<\/span><\/li>\n<li><span style=\"color: #800000;\">posiada Pani\/Pan prawo do \u017c\u0105dania od administratora dost\u0119pu do danych osobowych, prawo do ich sprostowania, usuni\u0119cia lub ograniczenia przetwarzania, prawo do wniesienia sprzeciwu wobec przetwarzania, prawo do przenoszenia danych, prawo do cofni\u0119cia zgody w dowolnym momencie<\/span><\/li>\n<li><span style=\"color: #800000;\">ma Pani\/Pan prawo wniesienia skargi do organu nadzorczego<\/span><\/li>\n<li><span style=\"color: #800000;\">podanie danych osobowych jest obligatoryjne w oparciu o przepisy prawa a w pozosta\u0142ym zakresie jest dobrowolne<\/span><\/li>\n<\/ol><\/div>\n\t\t\t<\/div><div class=\"et_pb_module et_d4_element et_pb_toggle et_pb_toggle_2 et_pb_toggle_item  et_pb_toggle_close\">\n\t\t\t\t\n\t\t\t\t\n\t\t\t\t\n\t\t\t\t\n\t\t\t\t<h5 class=\"et_pb_toggle_title\">Klauzula informacyjna dla um\u00f3w-zlece\u0144, um\u00f3w o dzie\u0142o oraz z kontrahentami<\/h5>\n\t\t\t\t<div class=\"et_pb_toggle_content clearfix\">Zgodnie z art. 13 og\u00f3lnego rozporz\u0105dzenia o ochronie danych osobowych z dnia 27 kwietnia 2016 r. (Dz. Urz. UE L 119 z 04.05.2016) informuj\u0119, i\u017c:<br \/>\n1. administratorem Pani\/Pana danych osobowych jest Piekarnia Marek Koz\u0142owski, 70-783 Szczecin, ul. Kostki Napierskiego 25,<br \/>\n2. kontakt z Inspektorem Ochrony Danych - iod@piekarnia-kozlowski.pl,<br \/>\n3. Pani\/Pana dane osobowe przetwarzane b\u0119d\u0105 w celu realizacji umowy - na podstawie Art. 6 ust. 1 lit. b og\u00f3lnego rozporz\u0105dzenia o ochronie danych osobowych z dnia 27 kwietnia 2016 r.<br \/>\n4. odbiorcami Pani\/Pana danych osobowych b\u0119d\u0105 wy\u0142\u0105cznie podmioty uprawnione do uzyskania danych osobowych lub<br \/>\n\u2022 Podmioty uczestnicz\u0105ce w realizacji zlecenia<br \/>\n5. Pani\/Pana dane osobowe przechowywane b\u0119d\u0105 w oparciu o uzasadniony interes realizowany przez administratora (dane przetwarzane s\u0105 do momentu ustania przewarzania w celach planowania biznesowego)<br \/>\n6. posiada Pani\/Pan prawo do \u017c\u0105dania od administratora dost\u0119pu do danych osobowych, ich sprostowania, usuni\u0119cia lub ograniczenia przetwarzania<br \/>\n7. ma Pani\/Pan prawo wniesienia skargi do organu nadzorczego<br \/>\n8. podanie danych osobowych jest dobrowolne, jednak\u017ce odmowa podania danych mo\u017ce skutkowa\u0107 odmow\u0105 zawarcia umowy<\/div>\n\t\t\t<\/div><div class=\"et_pb_module et_d4_element et_pb_toggle et_pb_toggle_3 et_pb_toggle_item  et_pb_toggle_close\">\n\t\t\t\t\n\t\t\t\t\n\t\t\t\t\n\t\t\t\t\n\t\t\t\t<h5 class=\"et_pb_toggle_title\">Klauzula informacyjna dla monitoringu<\/h5>\n\t\t\t\t<div class=\"et_pb_toggle_content clearfix\"><span style=\"color: #ff0000;\">Zgodnie z art. 13 og\u00f3lnego rozporz\u0105dzenia o ochronie danych osobowych z dnia 27 kwietnia 2016 r. (Dz. Urz. UE L 119 z 04.05.2016) informuj\u0119, i\u017c:<\/span><\/p>\n<ol>\n<li><span style=\"color: #ff0000;\">administratorem Pani\/Pana danych osobowych jest Piekarnia Marek Koz\u0142owski, 70-783 Szczecin, ul. Kostki Napierskiego 25,<\/span><\/li>\n<li><span style=\"color: #ff0000;\">kontakt z Inspektorem Ochrony Danych - iod@piekarnia-kozlowski.pl,<\/span><\/li>\n<li><span style=\"color: #ff0000;\">monitoring stosowany jest celu ochrony mienia oraz zapewnienia bezpiecze\u0144stwa na terenie monitorowanym<\/span><\/li>\n<li><span style=\"color: #ff0000;\">podstaw\u0105 przetwarzania jest prawnie usprawiedliwiony interes administratora \/ przepis prawa<\/span><\/li>\n<li><span style=\"color: #ff0000;\">zapisy z monitoringu przechowywane b\u0119d\u0105 w okresie 30 dni<\/span><\/li>\n<li><span style=\"color: #ff0000;\">odbiorcami Pani\/Pana danych osobowych b\u0119d\u0105 wy\u0142\u0105cznie podmioty uprawnione do uzyskania danych osobowych na podstawie przepis\u00f3w prawa<\/span><\/li>\n<li><span style=\"color: #ff0000;\">osoba zarejestrowana przez system monitoringu ma prawo do dost\u0119pu do danych osobowych oraz ograniczenia przetwarzania<\/span><\/li>\n<li><span style=\"color: #ff0000;\">osobie zarejestrowanej przez system monitoringu przys\u0142uguje prawo wniesienia skargi do organu nadzorczego<\/span><\/li>\n<\/ol><\/div>\n\t\t\t<\/div>\n\t\t\t<\/div>\n\t\t\t\t\n\t\t\t\t\n\t\t\t\t\n\t\t\t\t\n\t\t\t<\/div>\n\t\t\t\t\n\t\t\t\t\n\t\t\t<\/div>\n","protected":false},"excerpt":{"rendered":"","protected":false},"author":1,"featured_media":0,"parent":0,"menu_order":0,"comment_status":"closed","ping_status":"closed","template":"","meta":{"_et_pb_use_builder":"on","_et_pb_old_content":"","_et_gb_content_width":"","footnotes":""},"class_list":["post-62","page","type-page","status-publish","hentry"],"_links":{"self":[{"href":"https:\/\/piekarnia-kozlowski.pl\/index.php\/wp-json\/wp\/v2\/pages\/62","targetHints":{"allow":["GET"]}}],"collection":[{"href":"https:\/\/piekarnia-kozlowski.pl\/index.php\/wp-json\/wp\/v2\/pages"}],"about":[{"href":"https:\/\/piekarnia-kozlowski.pl\/index.php\/wp-json\/wp\/v2\/types\/page"}],"author":[{"embeddable":true,"href":"https:\/\/piekarnia-kozlowski.pl\/index.php\/wp-json\/wp\/v2\/users\/1"}],"replies":[{"embeddable":true,"href":"https:\/\/piekarnia-kozlowski.pl\/index.php\/wp-json\/wp\/v2\/comments?post=62"}],"version-history":[{"count":17,"href":"https:\/\/piekarnia-kozlowski.pl\/index.php\/wp-json\/wp\/v2\/pages\/62\/revisions"}],"predecessor-version":[{"id":96,"href":"https:\/\/piekarnia-kozlowski.pl\/index.php\/wp-json\/wp\/v2\/pages\/62\/revisions\/96"}],"wp:attachment":[{"href":"https:\/\/piekarnia-kozlowski.pl\/index.php\/wp-json\/wp\/v2\/media?parent=62"}],"curies":[{"name":"wp","href":"https:\/\/api.w.org\/{rel}","templated":true}]}}