{"id":2,"date":"2018-06-16T13:12:59","date_gmt":"2018-06-16T11:12:59","guid":{"rendered":"http:\/\/www.piekarnia-kozlowski.pl\/?page_id=2"},"modified":"2018-06-16T14:11:42","modified_gmt":"2018-06-16T12:11:42","slug":"przykladowa-strona","status":"publish","type":"page","link":"https:\/\/piekarnia-kozlowski.pl\/index.php\/przykladowa-strona\/","title":{"rendered":"O firmie"},"content":{"rendered":"<div class=\"et_d4_element et_pb_section et_pb_section_0  et_pb_css_mix_blend_mode et_section_regular et_block_section\" >\n\t\t\t\t\n\t\t\t\t\n\t\t\t\t\n\t\t\t\t\n\t\t\t\t\n\t\t\t\t\n\t\t\t\t<div class=\"et_d4_element et_pb_row et_pb_row_0  et_pb_css_mix_blend_mode et_block_row\">\n\t\t\t\t<div class=\"et_d4_element et_pb_column_4_4 et_pb_column et_pb_column_0  et_pb_css_mix_blend_mode et-last-child et_block_column\">\n\t\t\t\t\n\t\t\t\t\n\t\t\t\t\n\t\t\t\t\n\t\t\t\t<div class=\"et_pb_module et_d4_element et_pb_text et_pb_text_0  et_pb_text_align_left et_pb_bg_layout_light\">\n\t\t\t\t\n\t\t\t\t\n\t\t\t\t\n\t\t\t\t\n\t\t\t\t<div class=\"et_pb_text_inner\"><pre><span style=\"font-family: Times New Roman;\"><span style=\"font-family: 'Open Sans',Arial,sans-serif;\">Szan<\/span><\/span><span style=\"font-family: Times New Roman;\"><span style=\"color: #000000;\">owni Pa\u0144stwo,<\/span><\/span>\r\n\r\n<span style=\"color: #000000; font-family: Times New Roman;\">Piekarnia Marka Koz\u0142owskiego dzia\u0142a od 1 lipca 1991 roku. Zosta\u0142a wybudowana od podstaw przez w\u0142a\u015bciciela i jego ojca, znanego i szanowanego\u00a0 w \u015brodowisku piekarza, Pana Stanis\u0142awa Koz\u0142owskiego. Po\u0142\u0105czenie wiedzy i do\u015bwiadczenia rzemie\u015blniczego ojca z nowatorskim spojrzeniem na rozwi\u0105zania technologiczne i produkcyjne syna, pozwoli\u0142o stworzy\u0107 zak\u0142ad, kt\u00f3ry \u0142\u0105czy tradycj\u0119 i nowoczesno\u015b\u0107. To po\u0142\u0105czenie owocuje wyrobami o najwy\u017cszej jako\u015bci, kt\u00f3re smakuj\u0105, s\u0105 zdrowe i lubiane. <\/span>\r\n<span style=\"color: #000000; font-family: Times New Roman;\">Pieczywo wypiekane jest wed\u0142ug sprawdzonych receptur z dodatkiem \u017cur\u00f3w \u017cytnich i naturalnego kwasu chlebowego z wykorzystaniem najwy\u017cszej jako\u015bci m\u0105ki.<\/span>\r\n<span style=\"color: #000000; font-family: Times New Roman;\">Piekarnia zaopatruje du\u017cych odbiorc\u00f3w hurtowych i niewielkie sklepy zlokalizowane w mie\u015bcie i na jego peryferiach.<\/span>\r\n\r\n<span style=\"color: #000000; font-family: Times New Roman;\">W\u0142asny transport i du\u017ce mo\u017cliwo\u015bci produkcyjne pozwalaj\u0105 na realizacj\u0119 zlece\u0144 firm, kt\u00f3re obs\u0142uguj\u0105 du\u017ce imprezy masowe.<\/span>\r\n<span style=\"color: #000000; font-family: Times New Roman;\">Dzi\u0119ki wsp\u00f3\u0142pracy z odbiorcami z zagranicy, smakiem polskiego chleba mog\u0105 cieszy\u0107 si\u0119 konsumenci w Niemczech, Szwecji, Danii, W\u0142oszech i Wielkiej Brytanii.<\/span>\r\n\r\n<span style=\"color: #000000; font-family: Times New Roman;\">Zmieniaj\u0105ce si\u0119 gusta klient\u00f3w oraz nowe trendy w piekarnictwie motywuj\u0105 do ci\u0105g\u0142ego wzbogacania oferty nowymi gatunkami pieczywa.<\/span>\r\n\r\n<span style=\"color: #000000; font-family: Times New Roman;\">Zapraszamy do zapoznania si\u0119 z nasz\u0105 szczeg\u00f3\u0142ow\u0105 ofert\u0105 wyrob\u00f3w piekarniczych.<\/span>\r\n\r\n<span style=\"color: #000000; font-family: Times New Roman;\">\u00a0<\/span><\/pre><\/div>\n\t\t\t<\/div>\n\t\t\t<\/div>\n\t\t\t\t\n\t\t\t\t\n\t\t\t\t\n\t\t\t\t\n\t\t\t<\/div>\n\t\t\t\t\n\t\t\t\t\n\t\t\t<\/div>\n","protected":false},"excerpt":{"rendered":"<p>O firmie<br \/>\nPiekarnia Marka Koz\u0142owskiego dzia\u0142a od 1 lipca 1991 roku. <\/p>\n","protected":false},"author":1,"featured_media":0,"parent":0,"menu_order":0,"comment_status":"closed","ping_status":"closed","template":"","meta":{"_et_pb_use_builder":"on","_et_pb_old_content":"<h6><span style=\"font-family: Times New Roman;\"><span style=\"font-family: \"Open Sans\",Arial,sans-serif;\">Szan<\/span><\/span><span style=\"font-family: Times New Roman;\"><span style=\"color: #000000;\">owni Pa\u0144stwo,<\/span><\/span><\/h6><pre><span style=\"color: #000000; font-family: Times New Roman;\">. Zosta\u0142a wybudowana od podstaw przez w\u0142a\u015bciciela i jego ojca, znanego i szanowanego\u00a0 w \u015brodowisku piekarzy, Pana Stanis\u0142awa Koz\u0142owskiego. Po\u0142\u0105czenie wiedzy i do\u015bwiadczenia rzemie\u015blniczego ojca z nowatorskim spojrzeniem na rozwi\u0105zania technologiczne i produkcyjne syna, pozwoli\u0142o stworzy\u0107 zak\u0142ad, kt\u00f3ry \u0142\u0105czy tradycj\u0119 i nowoczesno\u015b\u0107. To po\u0142\u0105czenie owocuje wyrobami o najwy\u017cszej jako\u015bci, kt\u00f3re smakuj\u0105, s\u0105 zdrowe i lubiane. <\/span><br \/><br \/><span style=\"color: #000000; font-family: Times New Roman;\">Pieczywo wypiekane jest wed\u0142ug sprawdzonych receptur z dodatkiem \u017cur\u00f3w \u017cytnich i naturalnego kwasu chlebowego z wykorzystaniem najwy\u017cszej jako\u015bci m\u0105ki.<\/span><br \/><br \/><span style=\"color: #000000; font-family: Times New Roman;\">Piekarnia zaopatruje du\u017cych odbiorc\u00f3w hurtowych i niewielkie sklepy zlokalizowane w mie\u015bcie i na jego peryferiach.<\/span><br \/><br \/><span style=\"color: #000000; font-family: Times New Roman;\">W\u0142asny transport i du\u017ce mo\u017cliwo\u015bci produkcyjne pozwalaj\u0105 na realizacj\u0119 zlece\u0144 firm, kt\u00f3re obs\u0142uguj\u0105 du\u017ce imprezy masowe.<\/span><br \/><br \/><span style=\"color: #000000; font-family: Times New Roman;\">Dzi\u0119ki wsp\u00f3\u0142pracy z odbiorcami z zagranicy, smakiem polskiego chleba mog\u0105 cieszy\u0107 si\u0119 konsumenci w Niemczech, Szwecji, Danii, W\u0142oszech i Wielkiej Brytanii.<\/span><br \/><br \/><span style=\"color: #000000; font-family: Times New Roman;\">Zmieniaj\u0105ce si\u0119 gusta klient\u00f3w oraz nowe trendy w piekarnictwie motywuj\u0105 do ci\u0105g\u0142ego wzbogacania oferty nowymi gatunkami pieczywa.<\/span><br \/><br \/><span style=\"color: #000000; font-family: Times New Roman;\">Zapraszamy do zapoznania si\u0119 z nasz\u0105 szczeg\u00f3\u0142ow\u0105 ofert\u0105 wyrob\u00f3w piekarniczych.<\/span><\/pre><p><span style=\"color: #000000; font-family: Times New Roman;\">\u00a0<\/span><\/p>","_et_gb_content_width":"","footnotes":""},"class_list":["post-2","page","type-page","status-publish","hentry"],"_links":{"self":[{"href":"https:\/\/piekarnia-kozlowski.pl\/index.php\/wp-json\/wp\/v2\/pages\/2","targetHints":{"allow":["GET"]}}],"collection":[{"href":"https:\/\/piekarnia-kozlowski.pl\/index.php\/wp-json\/wp\/v2\/pages"}],"about":[{"href":"https:\/\/piekarnia-kozlowski.pl\/index.php\/wp-json\/wp\/v2\/types\/page"}],"author":[{"embeddable":true,"href":"https:\/\/piekarnia-kozlowski.pl\/index.php\/wp-json\/wp\/v2\/users\/1"}],"replies":[{"embeddable":true,"href":"https:\/\/piekarnia-kozlowski.pl\/index.php\/wp-json\/wp\/v2\/comments?post=2"}],"version-history":[{"count":3,"href":"https:\/\/piekarnia-kozlowski.pl\/index.php\/wp-json\/wp\/v2\/pages\/2\/revisions"}],"predecessor-version":[{"id":12,"href":"https:\/\/piekarnia-kozlowski.pl\/index.php\/wp-json\/wp\/v2\/pages\/2\/revisions\/12"}],"wp:attachment":[{"href":"https:\/\/piekarnia-kozlowski.pl\/index.php\/wp-json\/wp\/v2\/media?parent=2"}],"curies":[{"name":"wp","href":"https:\/\/api.w.org\/{rel}","templated":true}]}}